{"id":3074,"date":"2021-04-23T17:36:10","date_gmt":"2021-04-23T21:36:10","guid":{"rendered":"https:\/\/www.exterminateursassocies.com\/insect-identification\/book-louse-book-louse-extermination-definition-of-a-book-louse-what-is-a-book-louse\/"},"modified":"2024-06-18T17:17:31","modified_gmt":"2024-06-18T21:17:31","slug":"book-louse-identification","status":"publish","type":"page","link":"https:\/\/www.exterminateursassocies.com\/en\/insect-identification\/book-louse-identification\/","title":{"rendered":"Booklice"},"content":{"rendered":"<h1>Book louse &#8211; What is a book louse?<\/h1>\n<h2>Definition of a book louse<\/h2>\n<p>The book louse (or book lice) is a pale grey or yellowish-white insect that measures between one and two millimetres, and looks like a tiny ant. These small insects feed on a wide variety of organic materials of animal or plant origin. They prefer warm, humid places with little traffic where they feed on mold, starch, wallpaper glue, book glue, envelopes, dead insects, lint, etc. The female lays between 20 and 50 eggs. Its life cycle lasts between 25 and 100 days, depending on temperature and humidity.<\/p>\n","protected":false},"excerpt":{"rendered":"<p>Book louse &#8211; What is a book louse? Definition of a book louse The book louse (or book lice) is a pale grey or yellowish-white insect that measures between one and two millimetres, and looks like a tiny ant. These small insects feed on a wide variety of organic materials  [&#8230;]<\/p>\n","protected":false},"author":1,"featured_media":5584,"parent":2977,"menu_order":0,"comment_status":"closed","ping_status":"closed","template":"","meta":{"footnotes":""},"class_list":["post-3074","page","type-page","status-publish","has-post-thumbnail","hentry"],"yoast_head":"<!-- This site is optimized with the Yoast SEO Premium plugin v27.3 (Yoast SEO v27.3) - https:\/\/yoast.com\/product\/yoast-seo-premium-wordpress\/ -->\n<title>Book Louse | Definition of a book louse | What is a book louse?<\/title>\n<meta name=\"description\" content=\"What is a book louse? Read on to know for the definition of a book louse and the main characteristics so you can identify if you see one.\" \/>\n<meta name=\"robots\" content=\"index, follow, max-snippet:-1, max-image-preview:large, max-video-preview:-1\" \/>\n<link rel=\"canonical\" href=\"https:\/\/www.exterminateursassocies.com\/en\/insect-identification\/book-louse-identification\/\" \/>\n<meta property=\"og:locale\" content=\"en_US\" \/>\n<meta property=\"og:type\" content=\"article\" \/>\n<meta property=\"og:title\" content=\"Booklice\" \/>\n<meta property=\"og:description\" content=\"Book louse - What is a book louse? Definition of a book louse The book louse (or book lice) is a pale grey or yellowish-white insect that measures between\" \/>\n<meta property=\"og:url\" content=\"https:\/\/www.exterminateursassocies.com\/en\/insect-identification\/book-louse-identification\/\" \/>\n<meta property=\"og:site_name\" content=\"Exterminateurs Associ\u00e9s Inc.\" \/>\n<meta property=\"article:publisher\" content=\"https:\/\/www.facebook.com\/ExterminateursAssociesIncMontreal\/\" \/>\n<meta property=\"article:modified_time\" content=\"2024-06-18T21:17:31+00:00\" \/>\n<meta property=\"og:image\" content=\"https:\/\/www.exterminateursassocies.com\/wp-content\/uploads\/2024\/06\/identification-insectes-pou-du-livre-lg.jpg\" \/>\n\t<meta property=\"og:image:width\" content=\"916\" \/>\n\t<meta property=\"og:image:height\" content=\"611\" \/>\n\t<meta property=\"og:image:type\" content=\"image\/jpeg\" \/>\n<meta name=\"twitter:card\" content=\"summary_large_image\" \/>\n<meta name=\"twitter:site\" content=\"@exterminateurEA\" \/>\n<meta name=\"twitter:label1\" content=\"Est. reading time\" \/>\n\t<meta name=\"twitter:data1\" content=\"1 minute\" \/>\n<script type=\"application\/ld+json\" class=\"yoast-schema-graph\">{\"@context\":\"https:\\\/\\\/schema.org\",\"@graph\":[{\"@type\":\"WebPage\",\"@id\":\"https:\\\/\\\/www.exterminateursassocies.com\\\/en\\\/insect-identification\\\/book-louse-identification\\\/\",\"url\":\"https:\\\/\\\/www.exterminateursassocies.com\\\/en\\\/insect-identification\\\/book-louse-identification\\\/\",\"name\":\"Book Louse | Definition of a book louse | What is a book louse?\",\"isPartOf\":{\"@id\":\"https:\\\/\\\/www.exterminateursassocies.com\\\/en\\\/#website\"},\"primaryImageOfPage\":{\"@id\":\"https:\\\/\\\/www.exterminateursassocies.com\\\/en\\\/insect-identification\\\/book-louse-identification\\\/#primaryimage\"},\"image\":{\"@id\":\"https:\\\/\\\/www.exterminateursassocies.com\\\/en\\\/insect-identification\\\/book-louse-identification\\\/#primaryimage\"},\"thumbnailUrl\":\"https:\\\/\\\/www.exterminateursassocies.com\\\/wp-content\\\/uploads\\\/2024\\\/06\\\/identification-insectes-pou-du-livre-lg.jpg\",\"datePublished\":\"2021-04-23T21:36:10+00:00\",\"dateModified\":\"2024-06-18T21:17:31+00:00\",\"description\":\"What is a book louse? Read on to know for the definition of a book louse and the main characteristics so you can identify if you see one.\",\"breadcrumb\":{\"@id\":\"https:\\\/\\\/www.exterminateursassocies.com\\\/en\\\/insect-identification\\\/book-louse-identification\\\/#breadcrumb\"},\"inLanguage\":\"en-US\",\"potentialAction\":[{\"@type\":\"ReadAction\",\"target\":[\"https:\\\/\\\/www.exterminateursassocies.com\\\/en\\\/insect-identification\\\/book-louse-identification\\\/\"]}]},{\"@type\":\"ImageObject\",\"inLanguage\":\"en-US\",\"@id\":\"https:\\\/\\\/www.exterminateursassocies.com\\\/en\\\/insect-identification\\\/book-louse-identification\\\/#primaryimage\",\"url\":\"https:\\\/\\\/www.exterminateursassocies.com\\\/wp-content\\\/uploads\\\/2024\\\/06\\\/identification-insectes-pou-du-livre-lg.jpg\",\"contentUrl\":\"https:\\\/\\\/www.exterminateursassocies.com\\\/wp-content\\\/uploads\\\/2024\\\/06\\\/identification-insectes-pou-du-livre-lg.jpg\",\"width\":916,\"height\":611,\"caption\":\"Trois poux du livre bruns sur une surface fibreuse beige.\"},{\"@type\":\"BreadcrumbList\",\"@id\":\"https:\\\/\\\/www.exterminateursassocies.com\\\/en\\\/insect-identification\\\/book-louse-identification\\\/#breadcrumb\",\"itemListElement\":[{\"@type\":\"ListItem\",\"position\":1,\"name\":\"Accueil\",\"item\":\"https:\\\/\\\/www.exterminateursassocies.com\\\/en\\\/home\\\/\"},{\"@type\":\"ListItem\",\"position\":2,\"name\":\"Insect Identification\",\"item\":\"https:\\\/\\\/www.exterminateursassocies.com\\\/en\\\/insect-identification\\\/\"},{\"@type\":\"ListItem\",\"position\":3,\"name\":\"Booklice\"}]},{\"@type\":\"WebSite\",\"@id\":\"https:\\\/\\\/www.exterminateursassocies.com\\\/en\\\/#website\",\"url\":\"https:\\\/\\\/www.exterminateursassocies.com\\\/en\\\/\",\"name\":\"Exterminateurs Associ\u00e9s Inc.\",\"description\":\"Exterminateur \u00e0 Montr\u00e9al\",\"publisher\":{\"@id\":\"https:\\\/\\\/www.exterminateursassocies.com\\\/en\\\/#organization\"},\"potentialAction\":[{\"@type\":\"SearchAction\",\"target\":{\"@type\":\"EntryPoint\",\"urlTemplate\":\"https:\\\/\\\/www.exterminateursassocies.com\\\/en\\\/?s={search_term_string}\"},\"query-input\":{\"@type\":\"PropertyValueSpecification\",\"valueRequired\":true,\"valueName\":\"search_term_string\"}}],\"inLanguage\":\"en-US\"},{\"@type\":[\"Organization\",\"Place\",\"LocalBusiness\"],\"@id\":\"https:\\\/\\\/www.exterminateursassocies.com\\\/en\\\/#organization\",\"name\":\"Exterminateurs Associ\u00e9s Inc.\",\"url\":\"https:\\\/\\\/www.exterminateursassocies.com\\\/en\\\/\",\"logo\":{\"@id\":\"https:\\\/\\\/www.exterminateursassocies.com\\\/en\\\/insect-identification\\\/book-louse-identification\\\/#local-main-organization-logo\"},\"image\":{\"@id\":\"https:\\\/\\\/www.exterminateursassocies.com\\\/en\\\/insect-identification\\\/book-louse-identification\\\/#local-main-organization-logo\"},\"sameAs\":[\"https:\\\/\\\/www.facebook.com\\\/ExterminateursAssociesIncMontreal\\\/\",\"https:\\\/\\\/x.com\\\/exterminateurEA\",\"https:\\\/\\\/www.linkedin.com\\\/company\\\/exterminateurs-associs-inc\",\"https:\\\/\\\/www.pinterest.ca\\\/exterminateursassociesinc\\\/\",\"https:\\\/\\\/www.youtube.com\\\/channel\\\/UCZhw0V1dlvI2ojYZM57VgIQ\"],\"address\":{\"@id\":\"https:\\\/\\\/www.exterminateursassocies.com\\\/en\\\/insect-identification\\\/book-louse-identification\\\/#local-main-place-address\"},\"geo\":{\"@type\":\"GeoCoordinates\",\"latitude\":\"45.58835\",\"longitude\":\"-73.56099\"},\"telephone\":[\"(514) 351-8989\"],\"contactPoint\":{\"@type\":\"ContactPoint\",\"telephone\":\"(514) 351-8989\",\"email\":\"info@exterminateursassocies.com\"},\"openingHoursSpecification\":[{\"@type\":\"OpeningHoursSpecification\",\"dayOfWeek\":[\"Monday\",\"Tuesday\",\"Wednesday\",\"Thursday\",\"Friday\"],\"opens\":\"08:00\",\"closes\":\"20:00\"},{\"@type\":\"OpeningHoursSpecification\",\"dayOfWeek\":[\"Saturday\",\"Sunday\"],\"opens\":\"00:00\",\"closes\":\"00:00\"}],\"email\":\"info@exterminateursassocies.com\",\"areaServed\":\"Montreal-East, Montreal, Anjou, Mercier\u2013Hochelaga-Maisonneuve, Saint-Leonard, Rivi\u00e8re-des-Prairies - Pointe-aux-Trembles, Montr\u00e9al-Nord, Ahuntsic-Cartierville, Laval, Saint-Laurent\",\"priceRange\":\"$$\",\"currenciesAccepted\":\"CAD\",\"paymentAccepted\":\"MasterCard, Visa, Interac, Cheque\"},{\"@type\":\"PostalAddress\",\"@id\":\"https:\\\/\\\/www.exterminateursassocies.com\\\/en\\\/insect-identification\\\/book-louse-identification\\\/#local-main-place-address\",\"streetAddress\":\"6577 Rue Beaubien E\",\"addressLocality\":\"Montr\u00e9al\",\"postalCode\":\"H1M 1B1\",\"addressRegion\":\"Quebec\",\"addressCountry\":\"CA\"},{\"@type\":\"ImageObject\",\"inLanguage\":\"en-US\",\"@id\":\"https:\\\/\\\/www.exterminateursassocies.com\\\/en\\\/insect-identification\\\/book-louse-identification\\\/#local-main-organization-logo\",\"url\":\"https:\\\/\\\/www.exterminateursassocies.com\\\/wp-content\\\/uploads\\\/2017\\\/10\\\/Exterminateur-Associes-Logo.png\",\"contentUrl\":\"https:\\\/\\\/www.exterminateursassocies.com\\\/wp-content\\\/uploads\\\/2017\\\/10\\\/Exterminateur-Associes-Logo.png\",\"width\":323,\"height\":111,\"caption\":\"Exterminateurs Associ\u00e9s Inc.\"}]}<\/script>\n<meta name=\"geo.placename\" content=\"Montr\u00e9al\" \/>\n<meta name=\"geo.position\" content=\"45.58835;-73.56099\" \/>\n<meta name=\"geo.region\" content=\"Canada\" \/>\n<!-- \/ Yoast SEO Premium plugin. -->","yoast_head_json":{"title":"Book Louse | Definition of a book louse | What is a book louse?","description":"What is a book louse? Read on to know for the definition of a book louse and the main characteristics so you can identify if you see one.","robots":{"index":"index","follow":"follow","max-snippet":"max-snippet:-1","max-image-preview":"max-image-preview:large","max-video-preview":"max-video-preview:-1"},"canonical":"https:\/\/www.exterminateursassocies.com\/en\/insect-identification\/book-louse-identification\/","og_locale":"en_US","og_type":"article","og_title":"Booklice","og_description":"Book louse - What is a book louse? Definition of a book louse The book louse (or book lice) is a pale grey or yellowish-white insect that measures between","og_url":"https:\/\/www.exterminateursassocies.com\/en\/insect-identification\/book-louse-identification\/","og_site_name":"Exterminateurs Associ\u00e9s Inc.","article_publisher":"https:\/\/www.facebook.com\/ExterminateursAssociesIncMontreal\/","article_modified_time":"2024-06-18T21:17:31+00:00","og_image":[{"width":916,"height":611,"url":"https:\/\/www.exterminateursassocies.com\/wp-content\/uploads\/2024\/06\/identification-insectes-pou-du-livre-lg.jpg","type":"image\/jpeg"}],"twitter_card":"summary_large_image","twitter_site":"@exterminateurEA","twitter_misc":{"Est. reading time":"1 minute"},"schema":{"@context":"https:\/\/schema.org","@graph":[{"@type":"WebPage","@id":"https:\/\/www.exterminateursassocies.com\/en\/insect-identification\/book-louse-identification\/","url":"https:\/\/www.exterminateursassocies.com\/en\/insect-identification\/book-louse-identification\/","name":"Book Louse | Definition of a book louse | What is a book louse?","isPartOf":{"@id":"https:\/\/www.exterminateursassocies.com\/en\/#website"},"primaryImageOfPage":{"@id":"https:\/\/www.exterminateursassocies.com\/en\/insect-identification\/book-louse-identification\/#primaryimage"},"image":{"@id":"https:\/\/www.exterminateursassocies.com\/en\/insect-identification\/book-louse-identification\/#primaryimage"},"thumbnailUrl":"https:\/\/www.exterminateursassocies.com\/wp-content\/uploads\/2024\/06\/identification-insectes-pou-du-livre-lg.jpg","datePublished":"2021-04-23T21:36:10+00:00","dateModified":"2024-06-18T21:17:31+00:00","description":"What is a book louse? Read on to know for the definition of a book louse and the main characteristics so you can identify if you see one.","breadcrumb":{"@id":"https:\/\/www.exterminateursassocies.com\/en\/insect-identification\/book-louse-identification\/#breadcrumb"},"inLanguage":"en-US","potentialAction":[{"@type":"ReadAction","target":["https:\/\/www.exterminateursassocies.com\/en\/insect-identification\/book-louse-identification\/"]}]},{"@type":"ImageObject","inLanguage":"en-US","@id":"https:\/\/www.exterminateursassocies.com\/en\/insect-identification\/book-louse-identification\/#primaryimage","url":"https:\/\/www.exterminateursassocies.com\/wp-content\/uploads\/2024\/06\/identification-insectes-pou-du-livre-lg.jpg","contentUrl":"https:\/\/www.exterminateursassocies.com\/wp-content\/uploads\/2024\/06\/identification-insectes-pou-du-livre-lg.jpg","width":916,"height":611,"caption":"Trois poux du livre bruns sur une surface fibreuse beige."},{"@type":"BreadcrumbList","@id":"https:\/\/www.exterminateursassocies.com\/en\/insect-identification\/book-louse-identification\/#breadcrumb","itemListElement":[{"@type":"ListItem","position":1,"name":"Accueil","item":"https:\/\/www.exterminateursassocies.com\/en\/home\/"},{"@type":"ListItem","position":2,"name":"Insect Identification","item":"https:\/\/www.exterminateursassocies.com\/en\/insect-identification\/"},{"@type":"ListItem","position":3,"name":"Booklice"}]},{"@type":"WebSite","@id":"https:\/\/www.exterminateursassocies.com\/en\/#website","url":"https:\/\/www.exterminateursassocies.com\/en\/","name":"Exterminateurs Associ\u00e9s Inc.","description":"Exterminateur \u00e0 Montr\u00e9al","publisher":{"@id":"https:\/\/www.exterminateursassocies.com\/en\/#organization"},"potentialAction":[{"@type":"SearchAction","target":{"@type":"EntryPoint","urlTemplate":"https:\/\/www.exterminateursassocies.com\/en\/?s={search_term_string}"},"query-input":{"@type":"PropertyValueSpecification","valueRequired":true,"valueName":"search_term_string"}}],"inLanguage":"en-US"},{"@type":["Organization","Place","LocalBusiness"],"@id":"https:\/\/www.exterminateursassocies.com\/en\/#organization","name":"Exterminateurs Associ\u00e9s Inc.","url":"https:\/\/www.exterminateursassocies.com\/en\/","logo":{"@id":"https:\/\/www.exterminateursassocies.com\/en\/insect-identification\/book-louse-identification\/#local-main-organization-logo"},"image":{"@id":"https:\/\/www.exterminateursassocies.com\/en\/insect-identification\/book-louse-identification\/#local-main-organization-logo"},"sameAs":["https:\/\/www.facebook.com\/ExterminateursAssociesIncMontreal\/","https:\/\/x.com\/exterminateurEA","https:\/\/www.linkedin.com\/company\/exterminateurs-associs-inc","https:\/\/www.pinterest.ca\/exterminateursassociesinc\/","https:\/\/www.youtube.com\/channel\/UCZhw0V1dlvI2ojYZM57VgIQ"],"address":{"@id":"https:\/\/www.exterminateursassocies.com\/en\/insect-identification\/book-louse-identification\/#local-main-place-address"},"geo":{"@type":"GeoCoordinates","latitude":"45.58835","longitude":"-73.56099"},"telephone":["(514) 351-8989"],"contactPoint":{"@type":"ContactPoint","telephone":"(514) 351-8989","email":"info@exterminateursassocies.com"},"openingHoursSpecification":[{"@type":"OpeningHoursSpecification","dayOfWeek":["Monday","Tuesday","Wednesday","Thursday","Friday"],"opens":"08:00","closes":"20:00"},{"@type":"OpeningHoursSpecification","dayOfWeek":["Saturday","Sunday"],"opens":"00:00","closes":"00:00"}],"email":"info@exterminateursassocies.com","areaServed":"Montreal-East, Montreal, Anjou, Mercier\u2013Hochelaga-Maisonneuve, Saint-Leonard, Rivi\u00e8re-des-Prairies - Pointe-aux-Trembles, Montr\u00e9al-Nord, Ahuntsic-Cartierville, Laval, Saint-Laurent","priceRange":"$$","currenciesAccepted":"CAD","paymentAccepted":"MasterCard, Visa, Interac, Cheque"},{"@type":"PostalAddress","@id":"https:\/\/www.exterminateursassocies.com\/en\/insect-identification\/book-louse-identification\/#local-main-place-address","streetAddress":"6577 Rue Beaubien E","addressLocality":"Montr\u00e9al","postalCode":"H1M 1B1","addressRegion":"Quebec","addressCountry":"CA"},{"@type":"ImageObject","inLanguage":"en-US","@id":"https:\/\/www.exterminateursassocies.com\/en\/insect-identification\/book-louse-identification\/#local-main-organization-logo","url":"https:\/\/www.exterminateursassocies.com\/wp-content\/uploads\/2017\/10\/Exterminateur-Associes-Logo.png","contentUrl":"https:\/\/www.exterminateursassocies.com\/wp-content\/uploads\/2017\/10\/Exterminateur-Associes-Logo.png","width":323,"height":111,"caption":"Exterminateurs Associ\u00e9s Inc."}]},"geo.placename":"Montr\u00e9al","geo.position":{"lat":"45.58835","long":"-73.56099"},"geo.region":"Canada"},"_links":{"self":[{"href":"https:\/\/www.exterminateursassocies.com\/en\/wp-json\/wp\/v2\/pages\/3074","targetHints":{"allow":["GET"]}}],"collection":[{"href":"https:\/\/www.exterminateursassocies.com\/en\/wp-json\/wp\/v2\/pages"}],"about":[{"href":"https:\/\/www.exterminateursassocies.com\/en\/wp-json\/wp\/v2\/types\/page"}],"author":[{"embeddable":true,"href":"https:\/\/www.exterminateursassocies.com\/en\/wp-json\/wp\/v2\/users\/1"}],"replies":[{"embeddable":true,"href":"https:\/\/www.exterminateursassocies.com\/en\/wp-json\/wp\/v2\/comments?post=3074"}],"version-history":[{"count":5,"href":"https:\/\/www.exterminateursassocies.com\/en\/wp-json\/wp\/v2\/pages\/3074\/revisions"}],"predecessor-version":[{"id":5617,"href":"https:\/\/www.exterminateursassocies.com\/en\/wp-json\/wp\/v2\/pages\/3074\/revisions\/5617"}],"up":[{"embeddable":true,"href":"https:\/\/www.exterminateursassocies.com\/en\/wp-json\/wp\/v2\/pages\/2977"}],"wp:featuredmedia":[{"embeddable":true,"href":"https:\/\/www.exterminateursassocies.com\/en\/wp-json\/wp\/v2\/media\/5584"}],"wp:attachment":[{"href":"https:\/\/www.exterminateursassocies.com\/en\/wp-json\/wp\/v2\/media?parent=3074"}],"curies":[{"name":"wp","href":"https:\/\/api.w.org\/{rel}","templated":true}]}}