{"id":3036,"date":"2021-04-23T17:21:54","date_gmt":"2021-04-23T21:21:54","guid":{"rendered":"https:\/\/www.exterminateursassocies.com\/insect-identification\/cockroach-extermination-definition-of-a-cockroach-what-is-a-cockroach\/"},"modified":"2024-06-18T17:20:53","modified_gmt":"2024-06-18T21:20:53","slug":"cockroach-identification","status":"publish","type":"page","link":"https:\/\/www.exterminateursassocies.com\/en\/insect-identification\/cockroach-identification\/","title":{"rendered":"Cockroach"},"content":{"rendered":"<h1>Cockroach &#8211; What is a cockroach?<\/h1>\n<h2>Definition of cockroach<\/h2>\n<p>In Quebec, there are several species of cockroaches. The<strong> German cockroach<\/strong> (<a href=\"https:\/\/www.exterminateursassocies.com\/en\/cockroach-extermination\/\"><strong> cockroaches<\/strong><\/a> ) is the most common. Pale brown in colour and with darker stripes on the back, this one usually inhabits warm, humid places &#8211; conditions that allow it to find food, water and shelter. Their presence can be explained by the fact that they are often carried by used furniture, boxes, grocery bags or foodstuffs.<\/p>\n<p>Contrary to what some may claim, cockroaches do not have a direct link with poor hygiene. Indeed, being generally more active at night, they can often go unnoticed once installed in a building. The eggs are laid inside a rectangular capsule that can hold 20 to 40 eggs which it lays after transporting them for about 28 days. Young cockroaches are born the day after the deposition of this capsule and become adults after three months.<\/p>\n","protected":false},"excerpt":{"rendered":"<p>Cockroach &#8211; What is a cockroach? Definition of cockroach In Quebec, there are several species of cockroaches. The German cockroach ( cockroaches ) is the most common. Pale brown in colour and with darker stripes on the back, this one usually inhabits warm, humid places &#8211; conditions that allow it  [&#8230;]<\/p>\n","protected":false},"author":1,"featured_media":5634,"parent":2977,"menu_order":0,"comment_status":"closed","ping_status":"closed","template":"","meta":{"footnotes":""},"class_list":["post-3036","page","type-page","status-publish","has-post-thumbnail","hentry"],"yoast_head":"<!-- This site is optimized with the Yoast SEO Premium plugin v27.4 (Yoast SEO v27.4) - https:\/\/yoast.com\/product\/yoast-seo-premium-wordpress\/ -->\n<title>Cockroach | Definition | What is a cockroach?<\/title>\n<meta name=\"description\" content=\"What is a cockroach? Read on to get the definition of a what a cockroach is and how to spot its identifying characteristics.\" \/>\n<meta name=\"robots\" content=\"index, follow, max-snippet:-1, max-image-preview:large, max-video-preview:-1\" \/>\n<link rel=\"canonical\" href=\"https:\/\/www.exterminateursassocies.com\/en\/insect-identification\/cockroach-identification\/\" \/>\n<meta property=\"og:locale\" content=\"en_US\" \/>\n<meta property=\"og:type\" content=\"article\" \/>\n<meta property=\"og:title\" content=\"Cockroach\" \/>\n<meta property=\"og:description\" content=\"Cockroach - What is a cockroach? Definition of cockroach In Quebec, there are several species of cockroaches. The German cockroach ( cockroaches ) is the\" \/>\n<meta property=\"og:url\" content=\"https:\/\/www.exterminateursassocies.com\/en\/insect-identification\/cockroach-identification\/\" \/>\n<meta property=\"og:site_name\" content=\"Exterminateurs Associ\u00e9s Inc.\" \/>\n<meta property=\"article:publisher\" content=\"https:\/\/www.facebook.com\/ExterminateursAssociesIncMontreal\/\" \/>\n<meta property=\"article:modified_time\" content=\"2024-06-18T21:20:53+00:00\" \/>\n<meta property=\"og:image\" content=\"https:\/\/www.exterminateursassocies.com\/wp-content\/uploads\/2024\/06\/insect-identification-cockroach-lg.jpg\" \/>\n\t<meta property=\"og:image:width\" content=\"916\" \/>\n\t<meta property=\"og:image:height\" content=\"611\" \/>\n\t<meta property=\"og:image:type\" content=\"image\/jpeg\" \/>\n<meta name=\"twitter:card\" content=\"summary_large_image\" \/>\n<meta name=\"twitter:site\" content=\"@exterminateurEA\" \/>\n<meta name=\"twitter:label1\" content=\"Est. reading time\" \/>\n\t<meta name=\"twitter:data1\" content=\"1 minute\" \/>\n<script type=\"application\/ld+json\" class=\"yoast-schema-graph\">{\"@context\":\"https:\\\/\\\/schema.org\",\"@graph\":[{\"@type\":\"WebPage\",\"@id\":\"https:\\\/\\\/www.exterminateursassocies.com\\\/en\\\/insect-identification\\\/cockroach-identification\\\/\",\"url\":\"https:\\\/\\\/www.exterminateursassocies.com\\\/en\\\/insect-identification\\\/cockroach-identification\\\/\",\"name\":\"Cockroach | Definition | What is a cockroach?\",\"isPartOf\":{\"@id\":\"https:\\\/\\\/www.exterminateursassocies.com\\\/en\\\/#website\"},\"primaryImageOfPage\":{\"@id\":\"https:\\\/\\\/www.exterminateursassocies.com\\\/en\\\/insect-identification\\\/cockroach-identification\\\/#primaryimage\"},\"image\":{\"@id\":\"https:\\\/\\\/www.exterminateursassocies.com\\\/en\\\/insect-identification\\\/cockroach-identification\\\/#primaryimage\"},\"thumbnailUrl\":\"https:\\\/\\\/www.exterminateursassocies.com\\\/wp-content\\\/uploads\\\/2024\\\/06\\\/insect-identification-cockroach-lg.jpg\",\"datePublished\":\"2021-04-23T21:21:54+00:00\",\"dateModified\":\"2024-06-18T21:20:53+00:00\",\"description\":\"What is a cockroach? Read on to get the definition of a what a cockroach is and how to spot its identifying characteristics.\",\"breadcrumb\":{\"@id\":\"https:\\\/\\\/www.exterminateursassocies.com\\\/en\\\/insect-identification\\\/cockroach-identification\\\/#breadcrumb\"},\"inLanguage\":\"en-US\",\"potentialAction\":[{\"@type\":\"ReadAction\",\"target\":[\"https:\\\/\\\/www.exterminateursassocies.com\\\/en\\\/insect-identification\\\/cockroach-identification\\\/\"]}]},{\"@type\":\"ImageObject\",\"inLanguage\":\"en-US\",\"@id\":\"https:\\\/\\\/www.exterminateursassocies.com\\\/en\\\/insect-identification\\\/cockroach-identification\\\/#primaryimage\",\"url\":\"https:\\\/\\\/www.exterminateursassocies.com\\\/wp-content\\\/uploads\\\/2024\\\/06\\\/insect-identification-cockroach-lg.jpg\",\"contentUrl\":\"https:\\\/\\\/www.exterminateursassocies.com\\\/wp-content\\\/uploads\\\/2024\\\/06\\\/insect-identification-cockroach-lg.jpg\",\"width\":916,\"height\":611,\"caption\":\"Brown cockroach with long antennae, on a white background.\"},{\"@type\":\"BreadcrumbList\",\"@id\":\"https:\\\/\\\/www.exterminateursassocies.com\\\/en\\\/insect-identification\\\/cockroach-identification\\\/#breadcrumb\",\"itemListElement\":[{\"@type\":\"ListItem\",\"position\":1,\"name\":\"Accueil\",\"item\":\"https:\\\/\\\/www.exterminateursassocies.com\\\/en\\\/home\\\/\"},{\"@type\":\"ListItem\",\"position\":2,\"name\":\"Insect Identification\",\"item\":\"https:\\\/\\\/www.exterminateursassocies.com\\\/en\\\/insect-identification\\\/\"},{\"@type\":\"ListItem\",\"position\":3,\"name\":\"Cockroach\"}]},{\"@type\":\"WebSite\",\"@id\":\"https:\\\/\\\/www.exterminateursassocies.com\\\/en\\\/#website\",\"url\":\"https:\\\/\\\/www.exterminateursassocies.com\\\/en\\\/\",\"name\":\"Exterminateurs Associ\u00e9s Inc.\",\"description\":\"Exterminateur \u00e0 Montr\u00e9al\",\"publisher\":{\"@id\":\"https:\\\/\\\/www.exterminateursassocies.com\\\/en\\\/#organization\"},\"potentialAction\":[{\"@type\":\"SearchAction\",\"target\":{\"@type\":\"EntryPoint\",\"urlTemplate\":\"https:\\\/\\\/www.exterminateursassocies.com\\\/en\\\/?s={search_term_string}\"},\"query-input\":{\"@type\":\"PropertyValueSpecification\",\"valueRequired\":true,\"valueName\":\"search_term_string\"}}],\"inLanguage\":\"en-US\"},{\"@type\":[\"Organization\",\"Place\",\"LocalBusiness\"],\"@id\":\"https:\\\/\\\/www.exterminateursassocies.com\\\/en\\\/#organization\",\"name\":\"Exterminateurs Associ\u00e9s Inc.\",\"url\":\"https:\\\/\\\/www.exterminateursassocies.com\\\/en\\\/\",\"logo\":{\"@id\":\"https:\\\/\\\/www.exterminateursassocies.com\\\/en\\\/insect-identification\\\/cockroach-identification\\\/#local-main-organization-logo\"},\"image\":{\"@id\":\"https:\\\/\\\/www.exterminateursassocies.com\\\/en\\\/insect-identification\\\/cockroach-identification\\\/#local-main-organization-logo\"},\"sameAs\":[\"https:\\\/\\\/www.facebook.com\\\/ExterminateursAssociesIncMontreal\\\/\",\"https:\\\/\\\/x.com\\\/exterminateurEA\",\"https:\\\/\\\/www.linkedin.com\\\/company\\\/exterminateurs-associs-inc\",\"https:\\\/\\\/www.pinterest.ca\\\/exterminateursassociesinc\\\/\",\"https:\\\/\\\/www.youtube.com\\\/channel\\\/UCZhw0V1dlvI2ojYZM57VgIQ\"],\"address\":{\"@id\":\"https:\\\/\\\/www.exterminateursassocies.com\\\/en\\\/insect-identification\\\/cockroach-identification\\\/#local-main-place-address\"},\"geo\":{\"@type\":\"GeoCoordinates\",\"latitude\":\"45.58835\",\"longitude\":\"-73.56099\"},\"telephone\":[\"(514) 351-8989\"],\"contactPoint\":{\"@type\":\"ContactPoint\",\"telephone\":\"(514) 351-8989\",\"email\":\"info@exterminateursassocies.com\"},\"openingHoursSpecification\":[{\"@type\":\"OpeningHoursSpecification\",\"dayOfWeek\":[\"Monday\",\"Tuesday\",\"Wednesday\",\"Thursday\",\"Friday\"],\"opens\":\"08:00\",\"closes\":\"20:00\"},{\"@type\":\"OpeningHoursSpecification\",\"dayOfWeek\":[\"Saturday\",\"Sunday\"],\"opens\":\"00:00\",\"closes\":\"00:00\"}],\"email\":\"info@exterminateursassocies.com\",\"areaServed\":\"Montreal-East, Montreal, Anjou, Mercier\u2013Hochelaga-Maisonneuve, Saint-Leonard, Rivi\u00e8re-des-Prairies - Pointe-aux-Trembles, Montr\u00e9al-Nord, Ahuntsic-Cartierville, Laval, Saint-Laurent\",\"priceRange\":\"$$\",\"currenciesAccepted\":\"CAD\",\"paymentAccepted\":\"MasterCard, Visa, Interac, Cheque\"},{\"@type\":\"PostalAddress\",\"@id\":\"https:\\\/\\\/www.exterminateursassocies.com\\\/en\\\/insect-identification\\\/cockroach-identification\\\/#local-main-place-address\",\"streetAddress\":\"6577 Rue Beaubien E\",\"addressLocality\":\"Montr\u00e9al\",\"postalCode\":\"H1M 1B1\",\"addressRegion\":\"Quebec\",\"addressCountry\":\"CA\"},{\"@type\":\"ImageObject\",\"inLanguage\":\"en-US\",\"@id\":\"https:\\\/\\\/www.exterminateursassocies.com\\\/en\\\/insect-identification\\\/cockroach-identification\\\/#local-main-organization-logo\",\"url\":\"https:\\\/\\\/www.exterminateursassocies.com\\\/wp-content\\\/uploads\\\/2017\\\/10\\\/Exterminateur-Associes-Logo.png\",\"contentUrl\":\"https:\\\/\\\/www.exterminateursassocies.com\\\/wp-content\\\/uploads\\\/2017\\\/10\\\/Exterminateur-Associes-Logo.png\",\"width\":323,\"height\":111,\"caption\":\"Exterminateurs Associ\u00e9s Inc.\"}]}<\/script>\n<meta name=\"geo.placename\" content=\"Montr\u00e9al\" \/>\n<meta name=\"geo.position\" content=\"45.58835;-73.56099\" \/>\n<meta name=\"geo.region\" content=\"Canada\" \/>\n<!-- \/ Yoast SEO Premium plugin. -->","yoast_head_json":{"title":"Cockroach | Definition | What is a cockroach?","description":"What is a cockroach? Read on to get the definition of a what a cockroach is and how to spot its identifying characteristics.","robots":{"index":"index","follow":"follow","max-snippet":"max-snippet:-1","max-image-preview":"max-image-preview:large","max-video-preview":"max-video-preview:-1"},"canonical":"https:\/\/www.exterminateursassocies.com\/en\/insect-identification\/cockroach-identification\/","og_locale":"en_US","og_type":"article","og_title":"Cockroach","og_description":"Cockroach - What is a cockroach? Definition of cockroach In Quebec, there are several species of cockroaches. The German cockroach ( cockroaches ) is the","og_url":"https:\/\/www.exterminateursassocies.com\/en\/insect-identification\/cockroach-identification\/","og_site_name":"Exterminateurs Associ\u00e9s Inc.","article_publisher":"https:\/\/www.facebook.com\/ExterminateursAssociesIncMontreal\/","article_modified_time":"2024-06-18T21:20:53+00:00","og_image":[{"width":916,"height":611,"url":"https:\/\/www.exterminateursassocies.com\/wp-content\/uploads\/2024\/06\/insect-identification-cockroach-lg.jpg","type":"image\/jpeg"}],"twitter_card":"summary_large_image","twitter_site":"@exterminateurEA","twitter_misc":{"Est. reading time":"1 minute"},"schema":{"@context":"https:\/\/schema.org","@graph":[{"@type":"WebPage","@id":"https:\/\/www.exterminateursassocies.com\/en\/insect-identification\/cockroach-identification\/","url":"https:\/\/www.exterminateursassocies.com\/en\/insect-identification\/cockroach-identification\/","name":"Cockroach | Definition | What is a cockroach?","isPartOf":{"@id":"https:\/\/www.exterminateursassocies.com\/en\/#website"},"primaryImageOfPage":{"@id":"https:\/\/www.exterminateursassocies.com\/en\/insect-identification\/cockroach-identification\/#primaryimage"},"image":{"@id":"https:\/\/www.exterminateursassocies.com\/en\/insect-identification\/cockroach-identification\/#primaryimage"},"thumbnailUrl":"https:\/\/www.exterminateursassocies.com\/wp-content\/uploads\/2024\/06\/insect-identification-cockroach-lg.jpg","datePublished":"2021-04-23T21:21:54+00:00","dateModified":"2024-06-18T21:20:53+00:00","description":"What is a cockroach? Read on to get the definition of a what a cockroach is and how to spot its identifying characteristics.","breadcrumb":{"@id":"https:\/\/www.exterminateursassocies.com\/en\/insect-identification\/cockroach-identification\/#breadcrumb"},"inLanguage":"en-US","potentialAction":[{"@type":"ReadAction","target":["https:\/\/www.exterminateursassocies.com\/en\/insect-identification\/cockroach-identification\/"]}]},{"@type":"ImageObject","inLanguage":"en-US","@id":"https:\/\/www.exterminateursassocies.com\/en\/insect-identification\/cockroach-identification\/#primaryimage","url":"https:\/\/www.exterminateursassocies.com\/wp-content\/uploads\/2024\/06\/insect-identification-cockroach-lg.jpg","contentUrl":"https:\/\/www.exterminateursassocies.com\/wp-content\/uploads\/2024\/06\/insect-identification-cockroach-lg.jpg","width":916,"height":611,"caption":"Brown cockroach with long antennae, on a white background."},{"@type":"BreadcrumbList","@id":"https:\/\/www.exterminateursassocies.com\/en\/insect-identification\/cockroach-identification\/#breadcrumb","itemListElement":[{"@type":"ListItem","position":1,"name":"Accueil","item":"https:\/\/www.exterminateursassocies.com\/en\/home\/"},{"@type":"ListItem","position":2,"name":"Insect Identification","item":"https:\/\/www.exterminateursassocies.com\/en\/insect-identification\/"},{"@type":"ListItem","position":3,"name":"Cockroach"}]},{"@type":"WebSite","@id":"https:\/\/www.exterminateursassocies.com\/en\/#website","url":"https:\/\/www.exterminateursassocies.com\/en\/","name":"Exterminateurs Associ\u00e9s Inc.","description":"Exterminateur \u00e0 Montr\u00e9al","publisher":{"@id":"https:\/\/www.exterminateursassocies.com\/en\/#organization"},"potentialAction":[{"@type":"SearchAction","target":{"@type":"EntryPoint","urlTemplate":"https:\/\/www.exterminateursassocies.com\/en\/?s={search_term_string}"},"query-input":{"@type":"PropertyValueSpecification","valueRequired":true,"valueName":"search_term_string"}}],"inLanguage":"en-US"},{"@type":["Organization","Place","LocalBusiness"],"@id":"https:\/\/www.exterminateursassocies.com\/en\/#organization","name":"Exterminateurs Associ\u00e9s Inc.","url":"https:\/\/www.exterminateursassocies.com\/en\/","logo":{"@id":"https:\/\/www.exterminateursassocies.com\/en\/insect-identification\/cockroach-identification\/#local-main-organization-logo"},"image":{"@id":"https:\/\/www.exterminateursassocies.com\/en\/insect-identification\/cockroach-identification\/#local-main-organization-logo"},"sameAs":["https:\/\/www.facebook.com\/ExterminateursAssociesIncMontreal\/","https:\/\/x.com\/exterminateurEA","https:\/\/www.linkedin.com\/company\/exterminateurs-associs-inc","https:\/\/www.pinterest.ca\/exterminateursassociesinc\/","https:\/\/www.youtube.com\/channel\/UCZhw0V1dlvI2ojYZM57VgIQ"],"address":{"@id":"https:\/\/www.exterminateursassocies.com\/en\/insect-identification\/cockroach-identification\/#local-main-place-address"},"geo":{"@type":"GeoCoordinates","latitude":"45.58835","longitude":"-73.56099"},"telephone":["(514) 351-8989"],"contactPoint":{"@type":"ContactPoint","telephone":"(514) 351-8989","email":"info@exterminateursassocies.com"},"openingHoursSpecification":[{"@type":"OpeningHoursSpecification","dayOfWeek":["Monday","Tuesday","Wednesday","Thursday","Friday"],"opens":"08:00","closes":"20:00"},{"@type":"OpeningHoursSpecification","dayOfWeek":["Saturday","Sunday"],"opens":"00:00","closes":"00:00"}],"email":"info@exterminateursassocies.com","areaServed":"Montreal-East, Montreal, Anjou, Mercier\u2013Hochelaga-Maisonneuve, Saint-Leonard, Rivi\u00e8re-des-Prairies - Pointe-aux-Trembles, Montr\u00e9al-Nord, Ahuntsic-Cartierville, Laval, Saint-Laurent","priceRange":"$$","currenciesAccepted":"CAD","paymentAccepted":"MasterCard, Visa, Interac, Cheque"},{"@type":"PostalAddress","@id":"https:\/\/www.exterminateursassocies.com\/en\/insect-identification\/cockroach-identification\/#local-main-place-address","streetAddress":"6577 Rue Beaubien E","addressLocality":"Montr\u00e9al","postalCode":"H1M 1B1","addressRegion":"Quebec","addressCountry":"CA"},{"@type":"ImageObject","inLanguage":"en-US","@id":"https:\/\/www.exterminateursassocies.com\/en\/insect-identification\/cockroach-identification\/#local-main-organization-logo","url":"https:\/\/www.exterminateursassocies.com\/wp-content\/uploads\/2017\/10\/Exterminateur-Associes-Logo.png","contentUrl":"https:\/\/www.exterminateursassocies.com\/wp-content\/uploads\/2017\/10\/Exterminateur-Associes-Logo.png","width":323,"height":111,"caption":"Exterminateurs Associ\u00e9s Inc."}]},"geo.placename":"Montr\u00e9al","geo.position":{"lat":"45.58835","long":"-73.56099"},"geo.region":"Canada"},"_links":{"self":[{"href":"https:\/\/www.exterminateursassocies.com\/en\/wp-json\/wp\/v2\/pages\/3036","targetHints":{"allow":["GET"]}}],"collection":[{"href":"https:\/\/www.exterminateursassocies.com\/en\/wp-json\/wp\/v2\/pages"}],"about":[{"href":"https:\/\/www.exterminateursassocies.com\/en\/wp-json\/wp\/v2\/types\/page"}],"author":[{"embeddable":true,"href":"https:\/\/www.exterminateursassocies.com\/en\/wp-json\/wp\/v2\/users\/1"}],"replies":[{"embeddable":true,"href":"https:\/\/www.exterminateursassocies.com\/en\/wp-json\/wp\/v2\/comments?post=3036"}],"version-history":[{"count":9,"href":"https:\/\/www.exterminateursassocies.com\/en\/wp-json\/wp\/v2\/pages\/3036\/revisions"}],"predecessor-version":[{"id":5636,"href":"https:\/\/www.exterminateursassocies.com\/en\/wp-json\/wp\/v2\/pages\/3036\/revisions\/5636"}],"up":[{"embeddable":true,"href":"https:\/\/www.exterminateursassocies.com\/en\/wp-json\/wp\/v2\/pages\/2977"}],"wp:featuredmedia":[{"embeddable":true,"href":"https:\/\/www.exterminateursassocies.com\/en\/wp-json\/wp\/v2\/media\/5634"}],"wp:attachment":[{"href":"https:\/\/www.exterminateursassocies.com\/en\/wp-json\/wp\/v2\/media?parent=3036"}],"curies":[{"name":"wp","href":"https:\/\/api.w.org\/{rel}","templated":true}]}}