{"id":3032,"date":"2021-04-23T17:17:44","date_gmt":"2021-04-23T21:17:44","guid":{"rendered":"https:\/\/www.exterminateursassocies.com\/insect-identification\/carpet-beetle-extermination-what-is-a-carpet-beetle\/"},"modified":"2024-06-18T17:19:08","modified_gmt":"2024-06-18T21:19:08","slug":"carpet-beetle-identification","status":"publish","type":"page","link":"https:\/\/www.exterminateursassocies.com\/en\/insect-identification\/carpet-beetle-identification\/","title":{"rendered":"Carpet Beetle"},"content":{"rendered":"<h1>Carpet beetle &#8211; What is a carpet beetle?<\/h1>\n<h2>Definition of a carpet beetle<\/h2>\n<div>\n<p><span lang=\"FR-CA\">Carpet beetles are dark grey and round in shape. They are about three millimetres in length, have three transverse white lines and red irregular lines in the center of the back. It is the larvae that create the damage by attacking natural and animal fibres such as wool, fur, leather, silk, carpets and stuffed animals. The female lays her eggs on these types of material and her babies take 10 to 18 days to hatch. They leave homes in May to feed on pollen and nectar. Their life cycle is approximately 95 days.<\/span><\/p>\n<\/div>\n","protected":false},"excerpt":{"rendered":"<p>Carpet beetle &#8211; What is a carpet beetle? Definition of a carpet beetle Carpet beetles are dark grey and round in shape. They are about three millimetres in length, have three transverse white lines and red irregular lines in the center of the back. It is the larvae that create  [&#8230;]<\/p>\n","protected":false},"author":1,"featured_media":5623,"parent":2977,"menu_order":0,"comment_status":"closed","ping_status":"closed","template":"","meta":{"footnotes":""},"class_list":["post-3032","page","type-page","status-publish","has-post-thumbnail","hentry"],"yoast_head":"<!-- This site is optimized with the Yoast SEO Premium plugin v27.4 (Yoast SEO v27.4) - https:\/\/yoast.com\/product\/yoast-seo-premium-wordpress\/ -->\n<title>Carpet Beetle | Definition | What is a carpet beetle?<\/title>\n<meta name=\"description\" content=\"What is a carpet beetle? Read on to know the definition of a carpet beetle and learn to quickly identify one by its main characteristics.\" \/>\n<meta name=\"robots\" content=\"index, follow, max-snippet:-1, max-image-preview:large, max-video-preview:-1\" \/>\n<link rel=\"canonical\" href=\"https:\/\/www.exterminateursassocies.com\/en\/insect-identification\/carpet-beetle-identification\/\" \/>\n<meta property=\"og:locale\" content=\"en_US\" \/>\n<meta property=\"og:type\" content=\"article\" \/>\n<meta property=\"og:title\" content=\"Carpet Beetle\" \/>\n<meta property=\"og:description\" content=\"Carpet beetle - What is a carpet beetle? Definition of a carpet beetle Carpet beetles are dark grey and round in shape. They are about three millimetres\" \/>\n<meta property=\"og:url\" content=\"https:\/\/www.exterminateursassocies.com\/en\/insect-identification\/carpet-beetle-identification\/\" \/>\n<meta property=\"og:site_name\" content=\"Exterminateurs Associ\u00e9s Inc.\" \/>\n<meta property=\"article:publisher\" content=\"https:\/\/www.facebook.com\/ExterminateursAssociesIncMontreal\/\" \/>\n<meta property=\"article:modified_time\" content=\"2024-06-18T21:19:08+00:00\" \/>\n<meta property=\"og:image\" content=\"https:\/\/www.exterminateursassocies.com\/wp-content\/uploads\/2024\/06\/insect-identification-carpet-beetle-lg.jpg\" \/>\n\t<meta property=\"og:image:width\" content=\"916\" \/>\n\t<meta property=\"og:image:height\" content=\"611\" \/>\n\t<meta property=\"og:image:type\" content=\"image\/jpeg\" \/>\n<meta name=\"twitter:card\" content=\"summary_large_image\" \/>\n<meta name=\"twitter:site\" content=\"@exterminateurEA\" \/>\n<meta name=\"twitter:label1\" content=\"Est. reading time\" \/>\n\t<meta name=\"twitter:data1\" content=\"1 minute\" \/>\n<script type=\"application\/ld+json\" class=\"yoast-schema-graph\">{\"@context\":\"https:\\\/\\\/schema.org\",\"@graph\":[{\"@type\":\"WebPage\",\"@id\":\"https:\\\/\\\/www.exterminateursassocies.com\\\/en\\\/insect-identification\\\/carpet-beetle-identification\\\/\",\"url\":\"https:\\\/\\\/www.exterminateursassocies.com\\\/en\\\/insect-identification\\\/carpet-beetle-identification\\\/\",\"name\":\"Carpet Beetle | Definition | What is a carpet beetle?\",\"isPartOf\":{\"@id\":\"https:\\\/\\\/www.exterminateursassocies.com\\\/en\\\/#website\"},\"primaryImageOfPage\":{\"@id\":\"https:\\\/\\\/www.exterminateursassocies.com\\\/en\\\/insect-identification\\\/carpet-beetle-identification\\\/#primaryimage\"},\"image\":{\"@id\":\"https:\\\/\\\/www.exterminateursassocies.com\\\/en\\\/insect-identification\\\/carpet-beetle-identification\\\/#primaryimage\"},\"thumbnailUrl\":\"https:\\\/\\\/www.exterminateursassocies.com\\\/wp-content\\\/uploads\\\/2024\\\/06\\\/insect-identification-carpet-beetle-lg.jpg\",\"datePublished\":\"2021-04-23T21:17:44+00:00\",\"dateModified\":\"2024-06-18T21:19:08+00:00\",\"description\":\"What is a carpet beetle? Read on to know the definition of a carpet beetle and learn to quickly identify one by its main characteristics.\",\"breadcrumb\":{\"@id\":\"https:\\\/\\\/www.exterminateursassocies.com\\\/en\\\/insect-identification\\\/carpet-beetle-identification\\\/#breadcrumb\"},\"inLanguage\":\"en-US\",\"potentialAction\":[{\"@type\":\"ReadAction\",\"target\":[\"https:\\\/\\\/www.exterminateursassocies.com\\\/en\\\/insect-identification\\\/carpet-beetle-identification\\\/\"]}]},{\"@type\":\"ImageObject\",\"inLanguage\":\"en-US\",\"@id\":\"https:\\\/\\\/www.exterminateursassocies.com\\\/en\\\/insect-identification\\\/carpet-beetle-identification\\\/#primaryimage\",\"url\":\"https:\\\/\\\/www.exterminateursassocies.com\\\/wp-content\\\/uploads\\\/2024\\\/06\\\/insect-identification-carpet-beetle-lg.jpg\",\"contentUrl\":\"https:\\\/\\\/www.exterminateursassocies.com\\\/wp-content\\\/uploads\\\/2024\\\/06\\\/insect-identification-carpet-beetle-lg.jpg\",\"width\":916,\"height\":611,\"caption\":\"Carpet beetle with an oval, brown and white patterned shell, on a textured white surface.\"},{\"@type\":\"BreadcrumbList\",\"@id\":\"https:\\\/\\\/www.exterminateursassocies.com\\\/en\\\/insect-identification\\\/carpet-beetle-identification\\\/#breadcrumb\",\"itemListElement\":[{\"@type\":\"ListItem\",\"position\":1,\"name\":\"Accueil\",\"item\":\"https:\\\/\\\/www.exterminateursassocies.com\\\/en\\\/home\\\/\"},{\"@type\":\"ListItem\",\"position\":2,\"name\":\"Insect Identification\",\"item\":\"https:\\\/\\\/www.exterminateursassocies.com\\\/en\\\/insect-identification\\\/\"},{\"@type\":\"ListItem\",\"position\":3,\"name\":\"Carpet Beetle\"}]},{\"@type\":\"WebSite\",\"@id\":\"https:\\\/\\\/www.exterminateursassocies.com\\\/en\\\/#website\",\"url\":\"https:\\\/\\\/www.exterminateursassocies.com\\\/en\\\/\",\"name\":\"Exterminateurs Associ\u00e9s Inc.\",\"description\":\"Exterminateur \u00e0 Montr\u00e9al\",\"publisher\":{\"@id\":\"https:\\\/\\\/www.exterminateursassocies.com\\\/en\\\/#organization\"},\"potentialAction\":[{\"@type\":\"SearchAction\",\"target\":{\"@type\":\"EntryPoint\",\"urlTemplate\":\"https:\\\/\\\/www.exterminateursassocies.com\\\/en\\\/?s={search_term_string}\"},\"query-input\":{\"@type\":\"PropertyValueSpecification\",\"valueRequired\":true,\"valueName\":\"search_term_string\"}}],\"inLanguage\":\"en-US\"},{\"@type\":[\"Organization\",\"Place\",\"LocalBusiness\"],\"@id\":\"https:\\\/\\\/www.exterminateursassocies.com\\\/en\\\/#organization\",\"name\":\"Exterminateurs Associ\u00e9s Inc.\",\"url\":\"https:\\\/\\\/www.exterminateursassocies.com\\\/en\\\/\",\"logo\":{\"@id\":\"https:\\\/\\\/www.exterminateursassocies.com\\\/en\\\/insect-identification\\\/carpet-beetle-identification\\\/#local-main-organization-logo\"},\"image\":{\"@id\":\"https:\\\/\\\/www.exterminateursassocies.com\\\/en\\\/insect-identification\\\/carpet-beetle-identification\\\/#local-main-organization-logo\"},\"sameAs\":[\"https:\\\/\\\/www.facebook.com\\\/ExterminateursAssociesIncMontreal\\\/\",\"https:\\\/\\\/x.com\\\/exterminateurEA\",\"https:\\\/\\\/www.linkedin.com\\\/company\\\/exterminateurs-associs-inc\",\"https:\\\/\\\/www.pinterest.ca\\\/exterminateursassociesinc\\\/\",\"https:\\\/\\\/www.youtube.com\\\/channel\\\/UCZhw0V1dlvI2ojYZM57VgIQ\"],\"address\":{\"@id\":\"https:\\\/\\\/www.exterminateursassocies.com\\\/en\\\/insect-identification\\\/carpet-beetle-identification\\\/#local-main-place-address\"},\"geo\":{\"@type\":\"GeoCoordinates\",\"latitude\":\"45.58835\",\"longitude\":\"-73.56099\"},\"telephone\":[\"(514) 351-8989\"],\"contactPoint\":{\"@type\":\"ContactPoint\",\"telephone\":\"(514) 351-8989\",\"email\":\"info@exterminateursassocies.com\"},\"openingHoursSpecification\":[{\"@type\":\"OpeningHoursSpecification\",\"dayOfWeek\":[\"Monday\",\"Tuesday\",\"Wednesday\",\"Thursday\",\"Friday\"],\"opens\":\"08:00\",\"closes\":\"20:00\"},{\"@type\":\"OpeningHoursSpecification\",\"dayOfWeek\":[\"Saturday\",\"Sunday\"],\"opens\":\"00:00\",\"closes\":\"00:00\"}],\"email\":\"info@exterminateursassocies.com\",\"areaServed\":\"Montreal-East, Montreal, Anjou, Mercier\u2013Hochelaga-Maisonneuve, Saint-Leonard, Rivi\u00e8re-des-Prairies - Pointe-aux-Trembles, Montr\u00e9al-Nord, Ahuntsic-Cartierville, Laval, Saint-Laurent\",\"priceRange\":\"$$\",\"currenciesAccepted\":\"CAD\",\"paymentAccepted\":\"MasterCard, Visa, Interac, Cheque\"},{\"@type\":\"PostalAddress\",\"@id\":\"https:\\\/\\\/www.exterminateursassocies.com\\\/en\\\/insect-identification\\\/carpet-beetle-identification\\\/#local-main-place-address\",\"streetAddress\":\"6577 Rue Beaubien E\",\"addressLocality\":\"Montr\u00e9al\",\"postalCode\":\"H1M 1B1\",\"addressRegion\":\"Quebec\",\"addressCountry\":\"CA\"},{\"@type\":\"ImageObject\",\"inLanguage\":\"en-US\",\"@id\":\"https:\\\/\\\/www.exterminateursassocies.com\\\/en\\\/insect-identification\\\/carpet-beetle-identification\\\/#local-main-organization-logo\",\"url\":\"https:\\\/\\\/www.exterminateursassocies.com\\\/wp-content\\\/uploads\\\/2017\\\/10\\\/Exterminateur-Associes-Logo.png\",\"contentUrl\":\"https:\\\/\\\/www.exterminateursassocies.com\\\/wp-content\\\/uploads\\\/2017\\\/10\\\/Exterminateur-Associes-Logo.png\",\"width\":323,\"height\":111,\"caption\":\"Exterminateurs Associ\u00e9s Inc.\"}]}<\/script>\n<meta name=\"geo.placename\" content=\"Montr\u00e9al\" \/>\n<meta name=\"geo.position\" content=\"45.58835;-73.56099\" \/>\n<meta name=\"geo.region\" content=\"Canada\" \/>\n<!-- \/ Yoast SEO Premium plugin. -->","yoast_head_json":{"title":"Carpet Beetle | Definition | What is a carpet beetle?","description":"What is a carpet beetle? Read on to know the definition of a carpet beetle and learn to quickly identify one by its main characteristics.","robots":{"index":"index","follow":"follow","max-snippet":"max-snippet:-1","max-image-preview":"max-image-preview:large","max-video-preview":"max-video-preview:-1"},"canonical":"https:\/\/www.exterminateursassocies.com\/en\/insect-identification\/carpet-beetle-identification\/","og_locale":"en_US","og_type":"article","og_title":"Carpet Beetle","og_description":"Carpet beetle - What is a carpet beetle? Definition of a carpet beetle Carpet beetles are dark grey and round in shape. They are about three millimetres","og_url":"https:\/\/www.exterminateursassocies.com\/en\/insect-identification\/carpet-beetle-identification\/","og_site_name":"Exterminateurs Associ\u00e9s Inc.","article_publisher":"https:\/\/www.facebook.com\/ExterminateursAssociesIncMontreal\/","article_modified_time":"2024-06-18T21:19:08+00:00","og_image":[{"width":916,"height":611,"url":"https:\/\/www.exterminateursassocies.com\/wp-content\/uploads\/2024\/06\/insect-identification-carpet-beetle-lg.jpg","type":"image\/jpeg"}],"twitter_card":"summary_large_image","twitter_site":"@exterminateurEA","twitter_misc":{"Est. reading time":"1 minute"},"schema":{"@context":"https:\/\/schema.org","@graph":[{"@type":"WebPage","@id":"https:\/\/www.exterminateursassocies.com\/en\/insect-identification\/carpet-beetle-identification\/","url":"https:\/\/www.exterminateursassocies.com\/en\/insect-identification\/carpet-beetle-identification\/","name":"Carpet Beetle | Definition | What is a carpet beetle?","isPartOf":{"@id":"https:\/\/www.exterminateursassocies.com\/en\/#website"},"primaryImageOfPage":{"@id":"https:\/\/www.exterminateursassocies.com\/en\/insect-identification\/carpet-beetle-identification\/#primaryimage"},"image":{"@id":"https:\/\/www.exterminateursassocies.com\/en\/insect-identification\/carpet-beetle-identification\/#primaryimage"},"thumbnailUrl":"https:\/\/www.exterminateursassocies.com\/wp-content\/uploads\/2024\/06\/insect-identification-carpet-beetle-lg.jpg","datePublished":"2021-04-23T21:17:44+00:00","dateModified":"2024-06-18T21:19:08+00:00","description":"What is a carpet beetle? Read on to know the definition of a carpet beetle and learn to quickly identify one by its main characteristics.","breadcrumb":{"@id":"https:\/\/www.exterminateursassocies.com\/en\/insect-identification\/carpet-beetle-identification\/#breadcrumb"},"inLanguage":"en-US","potentialAction":[{"@type":"ReadAction","target":["https:\/\/www.exterminateursassocies.com\/en\/insect-identification\/carpet-beetle-identification\/"]}]},{"@type":"ImageObject","inLanguage":"en-US","@id":"https:\/\/www.exterminateursassocies.com\/en\/insect-identification\/carpet-beetle-identification\/#primaryimage","url":"https:\/\/www.exterminateursassocies.com\/wp-content\/uploads\/2024\/06\/insect-identification-carpet-beetle-lg.jpg","contentUrl":"https:\/\/www.exterminateursassocies.com\/wp-content\/uploads\/2024\/06\/insect-identification-carpet-beetle-lg.jpg","width":916,"height":611,"caption":"Carpet beetle with an oval, brown and white patterned shell, on a textured white surface."},{"@type":"BreadcrumbList","@id":"https:\/\/www.exterminateursassocies.com\/en\/insect-identification\/carpet-beetle-identification\/#breadcrumb","itemListElement":[{"@type":"ListItem","position":1,"name":"Accueil","item":"https:\/\/www.exterminateursassocies.com\/en\/home\/"},{"@type":"ListItem","position":2,"name":"Insect Identification","item":"https:\/\/www.exterminateursassocies.com\/en\/insect-identification\/"},{"@type":"ListItem","position":3,"name":"Carpet Beetle"}]},{"@type":"WebSite","@id":"https:\/\/www.exterminateursassocies.com\/en\/#website","url":"https:\/\/www.exterminateursassocies.com\/en\/","name":"Exterminateurs Associ\u00e9s Inc.","description":"Exterminateur \u00e0 Montr\u00e9al","publisher":{"@id":"https:\/\/www.exterminateursassocies.com\/en\/#organization"},"potentialAction":[{"@type":"SearchAction","target":{"@type":"EntryPoint","urlTemplate":"https:\/\/www.exterminateursassocies.com\/en\/?s={search_term_string}"},"query-input":{"@type":"PropertyValueSpecification","valueRequired":true,"valueName":"search_term_string"}}],"inLanguage":"en-US"},{"@type":["Organization","Place","LocalBusiness"],"@id":"https:\/\/www.exterminateursassocies.com\/en\/#organization","name":"Exterminateurs Associ\u00e9s Inc.","url":"https:\/\/www.exterminateursassocies.com\/en\/","logo":{"@id":"https:\/\/www.exterminateursassocies.com\/en\/insect-identification\/carpet-beetle-identification\/#local-main-organization-logo"},"image":{"@id":"https:\/\/www.exterminateursassocies.com\/en\/insect-identification\/carpet-beetle-identification\/#local-main-organization-logo"},"sameAs":["https:\/\/www.facebook.com\/ExterminateursAssociesIncMontreal\/","https:\/\/x.com\/exterminateurEA","https:\/\/www.linkedin.com\/company\/exterminateurs-associs-inc","https:\/\/www.pinterest.ca\/exterminateursassociesinc\/","https:\/\/www.youtube.com\/channel\/UCZhw0V1dlvI2ojYZM57VgIQ"],"address":{"@id":"https:\/\/www.exterminateursassocies.com\/en\/insect-identification\/carpet-beetle-identification\/#local-main-place-address"},"geo":{"@type":"GeoCoordinates","latitude":"45.58835","longitude":"-73.56099"},"telephone":["(514) 351-8989"],"contactPoint":{"@type":"ContactPoint","telephone":"(514) 351-8989","email":"info@exterminateursassocies.com"},"openingHoursSpecification":[{"@type":"OpeningHoursSpecification","dayOfWeek":["Monday","Tuesday","Wednesday","Thursday","Friday"],"opens":"08:00","closes":"20:00"},{"@type":"OpeningHoursSpecification","dayOfWeek":["Saturday","Sunday"],"opens":"00:00","closes":"00:00"}],"email":"info@exterminateursassocies.com","areaServed":"Montreal-East, Montreal, Anjou, Mercier\u2013Hochelaga-Maisonneuve, Saint-Leonard, Rivi\u00e8re-des-Prairies - Pointe-aux-Trembles, Montr\u00e9al-Nord, Ahuntsic-Cartierville, Laval, Saint-Laurent","priceRange":"$$","currenciesAccepted":"CAD","paymentAccepted":"MasterCard, Visa, Interac, Cheque"},{"@type":"PostalAddress","@id":"https:\/\/www.exterminateursassocies.com\/en\/insect-identification\/carpet-beetle-identification\/#local-main-place-address","streetAddress":"6577 Rue Beaubien E","addressLocality":"Montr\u00e9al","postalCode":"H1M 1B1","addressRegion":"Quebec","addressCountry":"CA"},{"@type":"ImageObject","inLanguage":"en-US","@id":"https:\/\/www.exterminateursassocies.com\/en\/insect-identification\/carpet-beetle-identification\/#local-main-organization-logo","url":"https:\/\/www.exterminateursassocies.com\/wp-content\/uploads\/2017\/10\/Exterminateur-Associes-Logo.png","contentUrl":"https:\/\/www.exterminateursassocies.com\/wp-content\/uploads\/2017\/10\/Exterminateur-Associes-Logo.png","width":323,"height":111,"caption":"Exterminateurs Associ\u00e9s Inc."}]},"geo.placename":"Montr\u00e9al","geo.position":{"lat":"45.58835","long":"-73.56099"},"geo.region":"Canada"},"_links":{"self":[{"href":"https:\/\/www.exterminateursassocies.com\/en\/wp-json\/wp\/v2\/pages\/3032","targetHints":{"allow":["GET"]}}],"collection":[{"href":"https:\/\/www.exterminateursassocies.com\/en\/wp-json\/wp\/v2\/pages"}],"about":[{"href":"https:\/\/www.exterminateursassocies.com\/en\/wp-json\/wp\/v2\/types\/page"}],"author":[{"embeddable":true,"href":"https:\/\/www.exterminateursassocies.com\/en\/wp-json\/wp\/v2\/users\/1"}],"replies":[{"embeddable":true,"href":"https:\/\/www.exterminateursassocies.com\/en\/wp-json\/wp\/v2\/comments?post=3032"}],"version-history":[{"count":6,"href":"https:\/\/www.exterminateursassocies.com\/en\/wp-json\/wp\/v2\/pages\/3032\/revisions"}],"predecessor-version":[{"id":5626,"href":"https:\/\/www.exterminateursassocies.com\/en\/wp-json\/wp\/v2\/pages\/3032\/revisions\/5626"}],"up":[{"embeddable":true,"href":"https:\/\/www.exterminateursassocies.com\/en\/wp-json\/wp\/v2\/pages\/2977"}],"wp:featuredmedia":[{"embeddable":true,"href":"https:\/\/www.exterminateursassocies.com\/en\/wp-json\/wp\/v2\/media\/5623"}],"wp:attachment":[{"href":"https:\/\/www.exterminateursassocies.com\/en\/wp-json\/wp\/v2\/media?parent=3032"}],"curies":[{"name":"wp","href":"https:\/\/api.w.org\/{rel}","templated":true}]}}